{"id":737,"date":"2021-09-06T12:27:13","date_gmt":"2021-09-06T10:27:13","guid":{"rendered":"https:\/\/www.kirchenwirt-neukirchen.de\/impress\/"},"modified":"2024-08-06T14:25:14","modified_gmt":"2024-08-06T12:25:14","slug":"impress","status":"publish","type":"page","link":"https:\/\/www.kirchenwirt-neukirchen.de\/en\/impress\/","title":{"rendered":"Impress"},"content":{"rendered":"<p>[et_pb_section fb_built=&#8221;1&#8243; _builder_version=&#8221;4.11.2&#8243; _module_preset=&#8221;default&#8221; hover_enabled=&#8221;0&#8243; global_colors_info=&#8221;{%22gcid-d7e00d7c-071a-41ff-b9ea-3825d94357e5%22:%91%22background_color%22%93}&#8221; background_color=&#8221;gcid-d7e00d7c-071a-41ff-b9ea-3825d94357e5&#8243; sticky_enabled=&#8221;0&#8243;][et_pb_row _builder_version=&#8221;4.11.2&#8243; _module_preset=&#8221;default&#8221; global_colors_info=&#8221;{}&#8221;][et_pb_column type=&#8221;4_4&#8243; _builder_version=&#8221;4.11.2&#8243; _module_preset=&#8221;default&#8221; global_colors_info=&#8221;{}&#8221;][et_pb_post_title meta=&#8221;off&#8221; featured_image=&#8221;off&#8221; _builder_version=&#8221;4.11.2&#8243; _module_preset=&#8221;default&#8221; global_colors_info=&#8221;{}&#8221;][\/et_pb_post_title][et_pb_text _builder_version=&#8221;4.11.2&#8243; _module_preset=&#8221;default&#8221; hover_enabled=&#8221;0&#8243; sticky_enabled=&#8221;0&#8243;]<\/p>\n<p>also for facebook<\/p>\n<p>Kirchenwirt Neukirchen<br \/>\nAlbert Dick<br \/>\nKirchenweg 6<br \/>\n94154 Neukirchen vorm Wald<\/p>\n<p>Tel.: +49 8504 3035<br \/>\nFax: +49 8504 5764<br \/>\nE-Mail: info@kirchenwirt-neukirchen.de<\/p>\n<p>Gesch\u00e4ftsinhaber<\/p>\n<p>Albert Dick<\/p>\n<p>Verantwortlich f\u00fcr den Inhalt nach \u00a7 55 Abs. 2 RStV<\/p>\n<p>Albert Dick<br \/>\nKirchenweg 6<br \/>\n94154 Neukirchen vorm Wald<\/p>\n<p>Registergericht<\/p>\n<p>Amtsgericht Passau<\/p>\n<p>Umsatzsteuer-Identifikationsnummer gem. \u00a7 27a USt<\/p>\n<p>DE 130896282<\/p>\n<p>Programmierung und Umsetzung<\/p>\n<p>WETO-WebDesign<br \/>\nwww.weto-webdesign.de<\/p>\n<p>Quellenangaben f\u00fcr die verwendeten Fotos<\/p>\n<p>m.weber-photoworks<br \/>\nMartin Weber<br \/>\nwww.fotos-passau.de<\/p>\n<p>Haftung f\u00fcr Inhalte<\/p>\n<p>Die Inhalte dieser Seiten wurden mit gr\u00f6\u00dfter Sorgfalt erstellt. F\u00fcr die Richtigkeit, Vollst\u00e4ndigkeit und Aktualit\u00e4t der Inhalte k\u00f6nnen wir jedoch keine Gew\u00e4hr \u00fcbernehmen. Als Diensteanbieter sind wir gem\u00e4\u00df \u00a7 7 Abs.1 TMG f\u00fcr eigene Inhalte auf diesen Seiten nach den allgemeinen Gesetzen verantwortlich. Nach \u00a7\u00a7 8 bis 10 TMG sind wir als Diensteanbieter jedoch nicht verpflichtet, \u00fcbermittelte oder gespeicherte fremde Informationen zu \u00fcberwachen oder nach Umst\u00e4nden zu forschen, die auf eine rechtswidrige T\u00e4tigkeit hinweisen. Verpflichtungen zur Entfernung oder Sperrung der Nutzung von Informationen nach den allgemeinen Gesetzen bleiben hiervon unber\u00fchrt. Eine diesbez\u00fcgliche Haftung ist jedoch erst ab dem Zeitpunkt der Kenntnis einer konkreten Rechtsverletzung m\u00f6glich. Bei Bekannt- werden von entsprechenden Rechtsverletzungen werden wir diese Inhalte umgehend entfernen.<\/p>\n<p>Urheberrecht<\/p>\n<p>Alle Rechte vorbehalten. Die auf dieser Website ver\u00f6ffentlichten Inhalte sind urheberrechtlich gesch\u00fctzt. Jegliche Nutzung ohne die Zustimmung von Albert Dick &#8211; Kirchenwirt Neukirchen ist untersagt.[\/et_pb_text][\/et_pb_column][\/et_pb_row][\/et_pb_section]<\/p>\n","protected":false},"excerpt":{"rendered":"<p>also for facebook Kirchenwirt Neukirchen Albert Dick Kirchenweg 6 94154 Neukirchen vorm Wald Tel.: +49 8504 3035 Fax: +49 8504 5764 E-Mail: info@kirchenwirt-neukirchen.de Gesch\u00e4ftsinhaber Albert Dick Verantwortlich f\u00fcr den Inhalt nach \u00a7 55 Abs. 2 RStV Albert Dick Kirchenweg 6 94154 Neukirchen vorm Wald Registergericht Amtsgericht Passau Umsatzsteuer-Identifikationsnummer gem. \u00a7 27a USt DE 130896282 Programmierung und Umsetzung WETO-WebDesign www.weto-webdesign.de Quellenangaben f\u00fcr die verwendeten Fotos m.weber-photoworks Martin Weber www.fotos-passau.de Haftung f\u00fcr Inhalte Die Inhalte dieser Seiten wurden mit gr\u00f6\u00dfter Sorgfalt erstellt. F\u00fcr die Richtigkeit, Vollst\u00e4ndigkeit und Aktualit\u00e4t der Inhalte k\u00f6nnen wir jedoch keine Gew\u00e4hr \u00fcbernehmen. Als Diensteanbieter sind wir gem\u00e4\u00df \u00a7 7 Abs.1 TMG f\u00fcr eigene Inhalte auf diesen Seiten nach den allgemeinen Gesetzen verantwortlich. Nach \u00a7\u00a7 8 bis 10 TMG sind wir als Diensteanbieter jedoch nicht verpflichtet, \u00fcbermittelte oder gespeicherte fremde Informationen zu \u00fcberwachen oder nach Umst\u00e4nden zu forschen, die auf eine rechtswidrige T\u00e4tigkeit hinweisen. Verpflichtungen zur Entfernung oder Sperrung der Nutzung von Informationen nach den allgemeinen Gesetzen bleiben hiervon unber\u00fchrt. Eine diesbez\u00fcgliche Haftung ist jedoch erst ab dem Zeitpunkt der Kenntnis einer konkreten Rechtsverletzung m\u00f6glich. Bei Bekannt- werden von entsprechenden Rechtsverletzungen werden wir diese Inhalte umgehend entfernen. Urheberrecht Alle Rechte vorbehalten. Die auf dieser Website ver\u00f6ffentlichten Inhalte sind urheberrechtlich\u2026 <a href=\"https:\/\/www.kirchenwirt-neukirchen.de\/en\/impress\/\">Read More &raquo;<\/a><\/p>\n","protected":false},"author":1,"featured_media":0,"parent":0,"menu_order":1001,"comment_status":"closed","ping_status":"closed","template":"","meta":{"_et_pb_use_builder":"on","_et_pb_old_content":"","_et_gb_content_width":"","footnotes":""},"class_list":["post-737","page","type-page","status-publish","hentry"],"_links":{"self":[{"href":"https:\/\/www.kirchenwirt-neukirchen.de\/en\/wp-json\/wp\/v2\/pages\/737","targetHints":{"allow":["GET"]}}],"collection":[{"href":"https:\/\/www.kirchenwirt-neukirchen.de\/en\/wp-json\/wp\/v2\/pages"}],"about":[{"href":"https:\/\/www.kirchenwirt-neukirchen.de\/en\/wp-json\/wp\/v2\/types\/page"}],"author":[{"embeddable":true,"href":"https:\/\/www.kirchenwirt-neukirchen.de\/en\/wp-json\/wp\/v2\/users\/1"}],"replies":[{"embeddable":true,"href":"https:\/\/www.kirchenwirt-neukirchen.de\/en\/wp-json\/wp\/v2\/comments?post=737"}],"version-history":[{"count":2,"href":"https:\/\/www.kirchenwirt-neukirchen.de\/en\/wp-json\/wp\/v2\/pages\/737\/revisions"}],"predecessor-version":[{"id":739,"href":"https:\/\/www.kirchenwirt-neukirchen.de\/en\/wp-json\/wp\/v2\/pages\/737\/revisions\/739"}],"wp:attachment":[{"href":"https:\/\/www.kirchenwirt-neukirchen.de\/en\/wp-json\/wp\/v2\/media?parent=737"}],"curies":[{"name":"wp","href":"https:\/\/api.w.org\/{rel}","templated":true}]}}