{"id":725,"date":"2021-09-06T12:26:53","date_gmt":"2021-09-06T10:26:53","guid":{"rendered":"https:\/\/www.kirchenwirt-neukirchen.de\/contact-us\/"},"modified":"2024-08-06T11:47:52","modified_gmt":"2024-08-06T09:47:52","slug":"contact-us","status":"publish","type":"page","link":"https:\/\/www.kirchenwirt-neukirchen.de\/en\/contact-us\/","title":{"rendered":"Contact us"},"content":{"rendered":"<p>[et_pb_section fb_built=&#8221;1&#8243; _builder_version=&#8221;4.13.0&#8243; _module_preset=&#8221;default&#8221; background_color=&#8221;gcid-d7e00d7c-071a-41ff-b9ea-3825d94357e5&#8243; custom_padding=&#8221;10px||||false|false&#8221; global_colors_info=&#8221;{%22gcid-d7e00d7c-071a-41ff-b9ea-3825d94357e5%22:%91%22background_color%22%93}&#8221;][et_pb_row _builder_version=&#8221;4.13.0&#8243; _module_preset=&#8221;default&#8221; background_color=&#8221;#FFFFFF&#8221; hover_enabled=&#8221;0&#8243; border_radii=&#8221;on|10px|10px|10px|10px&#8221; border_width_all=&#8221;10px&#8221; border_color_all=&#8221;#FFFFFF&#8221; global_colors_info=&#8221;{}&#8221; animation_style=&#8221;slide&#8221; animation_direction=&#8221;right&#8221; sticky_enabled=&#8221;0&#8243;][et_pb_column type=&#8221;4_4&#8243; _builder_version=&#8221;4.11.2&#8243; _module_preset=&#8221;default&#8221; global_colors_info=&#8221;{}&#8221;][et_pb_code _builder_version=&#8221;4.11.2&#8243; _module_preset=&#8221;default&#8221; global_colors_info=&#8221;{}&#8221;]<div id=\"multi-step-form\" class=\"fw-wizard fw-no-progressbar\" data-stepCount=\"1\" data-wizardid=\"1\">\n    <div class=\"fw-wizard-step-header-container\">\n        <div class=\"fw-container\" data-redirect=\"\">\n                <div class=\"fw-wizard-step-header\" data-stepId=\"0\">\n            <span class=\"msf-h2\">Kontakt<\/span>\n            <p class=\"fw-copytext\"><\/p>\n        <\/div>\n                <\/div>\n    <\/div>\n    <div class=\"fw-progress-bar-container  fw-hide-progress-bar\">\n        <div class=\"fw-container\">\n    <div class=\"fw-progress-wrap\">\n    <ul class=\"fw-progress-bar\"\n        data-activecolor=\"#443402\"\n        data-donecolor=\"#a0a0a0\"\n        data-nextcolor=\"#aaa\"\n        data-buttoncolor=\"#3a6300\">\n                <li class=\"fw-progress-step\"\n            data-id=\"0\">\n            <span class=\"fw-progress-bar-bar\"><\/span>\n            <span class=\"fw-txt-ellipsis\" data-title=\"Kontaktformular\">Kontaktformular<\/span>\n                    <\/li>\n                <\/ul>\n<\/div>\n        <\/div>\n    <\/div>\n    <div class=\"fw-wizard-step-container\">\n        <div class=\"fw-container\">\n                    <div class=\"fw-wizard-step\" data-stepId=\"0\">\n                <div class=\"fw-step-part  fw-plain-layout\" data-partId=\"0\">\n\t<span class=\"fw-step-part-title \">\n\t\t\tIhre Kontaktdaten\t<\/span>\n\t<div class=\"fw-clearfix\"><\/div>\n\t<div class=\"fw-step-part-body\">\n\t\t\t\t\t\t\t\t\t<div class=\"fw-step-block\" data-blockId=\"1\" data-type=\"fw-text\" data-required=\"true\">\n\t\t\t<div class=\"fw-input-container\">\n\t\t\t\t<label for=\"msf-text-ihr-name\"><span class=\"msf-h3\">Ihr Name<\/span><\/label>\n\t\t\t\t<input \n\t\t\t\t\ttype=\"text\" \n\t\t\t\t\tclass=\"fw-text-input\" \n\t\t\t\t\tid=\"msf-text-ihr-name\"\n\t\t\t\t\tdata-id=\"text\">\n\t\t\t\t<span class=\"fa fa-pencil form-control-feedback\" aria-hidden=\"true\"><\/span>\n\t\t\t<\/div>\n\t\t\t<div class=\"fw-clearfix\"><\/div>\n\t\t<\/div>\n\t\t\t\t\t\t\t\t\t\t\t<div class=\"fw-step-block\" data-blockId=\"1\" data-type=\"fw-text\" data-required=\"true\">\n\t\t\t<div class=\"fw-input-container\">\n\t\t\t\t<label for=\"msf-text-telefon\"><span class=\"msf-h3\">Telefon<\/span><\/label>\n\t\t\t\t<input \n\t\t\t\t\ttype=\"text\" \n\t\t\t\t\tclass=\"fw-text-input\" \n\t\t\t\t\tid=\"msf-text-telefon\"\n\t\t\t\t\tdata-id=\"text\">\n\t\t\t\t<span class=\"fa fa-pencil form-control-feedback\" aria-hidden=\"true\"><\/span>\n\t\t\t<\/div>\n\t\t\t<div class=\"fw-clearfix\"><\/div>\n\t\t<\/div>\n\t\t\t\t\t\t\t\t\t\t\t<div class=\"fw-step-block\" data-blockId=\"1\" data-type=\"fw-email\" data-required=\"false\">\n\t\t\t<div class=\"fw-input-container\">\n\t\t\t\t<label for=\"msf-mail-email\"><span class=\"msf-h3\">Email<\/span><\/label>\n\t\t\t\t<input type=\"text\" id=\"msf-mail-email\"  class=\"fw-text-input one\" data-id=\"email\">\n\t\t\t\t<span class=\"fa fa-envelope form-control-feedback\" aria-hidden=\"true\"><\/span>\n\t\t\t<\/div>\n\t\t\t\t\t\t<div class=\"fw-clearfix\"><\/div>\n\t\t<\/div>\n\t  \t\t\t\t\t\t\t\t\t<div class=\"fw-step-block\" data-blockId=\"1\" data-type=\"fw-textarea\" data-required=\"false\">\n\t\t\t<div class=\"fw-input-container\">\n\t\t\t\t<label for=\"msf-textarea-anschrift\"><span class=\"msf-h3\">Anschrift<\/span><\/label>\n\t\t\t\t<textarea \n\t\t\t\t\tclass=\"fw-textarea\"\n\t\t\t\t\tid=\"msf-textarea-anschrift\"\n\t\t\t\t\tdata-id=\"textarea\"><\/textarea>\n\t\t\t\t<span class=\"fa fa-pencil t-area form-control-feedback\" aria-hidden=\"true\"><\/span>\n\t\t\t<\/div>\n\t\t\t<div class=\"fw-clearfix\"><\/div>\n\t\t<\/div>\n\t\t\t\t\t\t<\/div>\n<\/div>\n\t\t\t<div class=\"fw-step-part  fw-plain-layout\" data-partId=\"1\">\n\t<span class=\"fw-step-part-title \">\n\t\t\tunverbindliche Reservierungsanfrage\t<\/span>\n\t<div class=\"fw-clearfix\"><\/div>\n\t<div class=\"fw-step-part-body\">\n\t\t\t\t\t\t\t\t\t<div class=\"fw-step-block\" data-blockId=\"1\" data-type=\"fw-date\" data-required=\"false\">\n\t\t\t<div class=\"fw-input-container\">\n\t\t\t\t<label for=\"msf-date-datum\"><span class=\"msf-h3\">Datum<\/span><\/label>\n\t\t\t\t<input type=\"text\" id=\"msf-date-datum\"  class=\"fw-text-input fw-datepicker-here\" data-id=\"date\" data-language=\"en\" data-dateformat=\"dd-mm-yy\">\n\t\t\t\t<span class=\"fa fa-calendar form-control-feedback\" aria-hidden=\"true\"><\/span>\n\t\t\t<\/div>\n\t\t\t<div class=\"fw-clearfix\"><\/div>\n\t\t<\/div>\n\t\t\t\t\t\t\t\t\t\t\t<div class=\"fw-step-block\" data-blockId=\"1\" data-type=\"fw-text\" data-required=\"false\">\n\t\t\t<div class=\"fw-input-container\">\n\t\t\t\t<label for=\"msf-text-personenzahl\"><span class=\"msf-h3\">Personenzahl<\/span><\/label>\n\t\t\t\t<input \n\t\t\t\t\ttype=\"text\" \n\t\t\t\t\tclass=\"fw-text-input\" \n\t\t\t\t\tid=\"msf-text-personenzahl\"\n\t\t\t\t\tdata-id=\"text\">\n\t\t\t\t<span class=\"fa fa-pencil form-control-feedback\" aria-hidden=\"true\"><\/span>\n\t\t\t<\/div>\n\t\t\t<div class=\"fw-clearfix\"><\/div>\n\t\t<\/div>\n\t\t\t\t\t\t<\/div>\n<\/div>\n\t\t\t<div class=\"fw-step-part  fw-plain-layout\" data-partId=\"2\">\n\t<span class=\"fw-step-part-title \">\n\t\t\tIhre Anfrage\t<\/span>\n\t<div class=\"fw-clearfix\"><\/div>\n\t<div class=\"fw-step-part-body\">\n\t\t\t\t\t\t\t\t\t<div class=\"fw-step-block\" data-blockId=\"1\" data-type=\"fw-textarea\" data-required=\"false\">\n\t\t\t<div class=\"fw-input-container\">\n\t\t\t\t<label for=\"msf-textarea-ihr-anliegen-oder-vorhaben\"><span class=\"msf-h3\">Ihr Anliegen oder Vorhaben<\/span><\/label>\n\t\t\t\t<textarea \n\t\t\t\t\tclass=\"fw-textarea\"\n\t\t\t\t\tid=\"msf-textarea-ihr-anliegen-oder-vorhaben\"\n\t\t\t\t\tdata-id=\"textarea\"><\/textarea>\n\t\t\t\t<span class=\"fa fa-pencil t-area form-control-feedback\" aria-hidden=\"true\"><\/span>\n\t\t\t<\/div>\n\t\t\t<div class=\"fw-clearfix\"><\/div>\n\t\t<\/div>\n\t\t\t\t\t\t\t\t\t\t\t<div class=\"fw-step-block\" data-blockId=\"1\" data-type=\"fw-file\" data-required=\"false\">\n\t\t\t<div class=\"fw-input-container\">\n\t\t\t\t<span class=\"msf-h3\">Bilder, Texte oder andere Dateien f\u00fcr uns<\/span>\n\t\t\t\t<input type=\"file\" name=\"fw-1-0-2-1\" id=\"fw-1-0-2-1\" class=\"fw-file-upload-input\" multiple>\n\t\t\t\t<label class=\"fw-btn fw-button-fileupload\" for=\"fw-1-0-2-1\"><i class=\"fa fa-upload fw-file-upload-status\" aria-hidden=\"true\"><\/i><span>Choose a file<\/span><\/label>\n\t\t\t\t<p>Max. size: 128.0 MB<\/p>\n\t\t\t<\/div>\n\t\t\t<div class=\"fw-clearfix\"><\/div>\n\t\t<\/div>\n\t  \t\t\t\t<\/div>\n<\/div>\n\t\t\t<div class=\"fw-step-part  fw-plain-layout\" data-partId=\"3\">\n\t<span class=\"fw-step-part-title \">\n\t\t\tRechtliches\t<\/span>\n\t<div class=\"fw-clearfix\"><\/div>\n\t<div class=\"fw-step-part-body\">\n\t\t\t\t\t\t\t\t\t<div class=\"fw-step-block\" data-blockId=\"1\" data-type=\"fw-radio\" data-required=\"true\">\n\t\t\t\t\t\t\t\t<span class=\"msf-h3\">Ihre Zustimmung zur DSGVO<\/span>\n\t\t\t\t\t<br>\n\t\t\t\t\t\t\t\t\t\t<span class=\"fw-choice fw-radio-row\">\n\t\t\t\t\t\t<input id=\"fw-1-0-3-0-1\" type=\"radio\" name=\"fw-1-0-3-0\" class=\"fw-radio\" data-id=\"1\">\n\t\t\t\t\t\t<label for=\"fw-1-0-3-0-1\" data-labelId=\"1\">Ja, ich habe die Datenschutzerkl\u00e4rung zur Kenntnis genommen und bin damit einverstanden, dass die von mir angegebenen Daten elektronisch erhoben und gespeichert werden. Meine Daten werden dabei nur streng zweckgebunden zur Bearbeitung und Beantwortung meiner Anfrage benutzt. Mit dem Absenden des Kontaktformulars erkl\u00e4re ich mich mit der Verarbeitung einverstanden. Nach Abschluss der Verarbeitung werden die erhobenen Daten gel\u00f6scht, insofern diese nicht f\u00fcr die weitere Bearbeitung der Anfrage oder eines daraufhin entstandenen Auftrags weiter ben\u00f6tigt werden<\/label>\n\t\t\t\t\t<\/span>\n\t\t\t\t\t\t\t\t\t\t<span class=\"fw-choice fw-radio-row\">\n\t\t\t\t\t\t<input id=\"fw-1-0-3-0-2\" type=\"radio\" name=\"fw-1-0-3-0\" class=\"fw-radio\" data-id=\"2\">\n\t\t\t\t\t\t<label for=\"fw-1-0-3-0-2\" data-labelId=\"2\">Nein. Dann ist die Bearbeitung Ihres Anliegens f\u00fcr uns nicht erlaubt. Sie k\u00f6nnen uns jedoch auf anderem Wege kontaktieren.<\/label>\n\t\t\t\t\t<\/span>\n\t\t\t\t\t\t\t<\/div>\n\t\t\t\t\t\t<\/div>\n<\/div>\n\t\t\t                        <div class=\"fw-summary-container\">\n                            <button type=\"button\" class=\"fw-toggle-summary\">SHOW SUMMARY<\/button>\n                            <div id=\"wizard-summary\" class=\"fw-wizard-summary\" style=\"display:none;\" data-showsummary=\"on\">\n                            <div class=\"fw-summary-alert\">Some required Fields are empty<br>Please check the highlighted fields.<\/div>\n                            <\/div>\n                        <\/div>\n                                            <button type=\"button\" class=\"fw-btn-submit\">Submit<\/button>\n                                <div class=\"fw-clearfix\"><\/div>\n            <\/div>\n                    <\/div>\n    <\/div>\n        <div class=\"fw-alert-user\" style=\"display:none;\"><\/div>\n<\/div>\n[\/et_pb_code][\/et_pb_column][\/et_pb_row][\/et_pb_section]<\/p>\n","protected":false},"excerpt":{"rendered":"<div id=\"multi-step-form\" class=\"fw-wizard fw-no-progressbar\" data-stepCount=\"1\" data-wizardid=\"1\">\n    <div class=\"fw-wizard-step-header-container\">\n        <div class=\"fw-container\" data-redirect=\"\">\n                <div class=\"fw-wizard-step-header\" data-stepId=\"0\">\n            <span class=\"msf-h2\">Kontakt<\/span>\n            <p class=\"fw-copytext\"><\/p>\n        <\/div>\n                <\/div>\n    <\/div>\n    <div class=\"fw-progress-bar-container  fw-hide-progress-bar\">\n        <div class=\"fw-container\">\n    <div class=\"fw-progress-wrap\">\n    <ul class=\"fw-progress-bar\"\n        data-activecolor=\"#443402\"\n        data-donecolor=\"#a0a0a0\"\n        data-nextcolor=\"#aaa\"\n        data-buttoncolor=\"#3a6300\">\n                <li class=\"fw-progress-step\"\n            data-id=\"0\">\n            <span class=\"fw-progress-bar-bar\"><\/span>\n            <span class=\"fw-txt-ellipsis\" data-title=\"Kontaktformular\">Kontaktformular<\/span>\n                    <\/li>\n                <\/ul>\n<\/div>\n        <\/div>\n    <\/div>\n    <div class=\"fw-wizard-step-container\">\n        <div class=\"fw-container\">\n                    <div class=\"fw-wizard-step\" data-stepId=\"0\">\n                <div class=\"fw-step-part  fw-plain-layout\" data-partId=\"0\">\n\t<span class=\"fw-step-part-title \">\n\t\t\tIhre Kontaktdaten\t<\/span>\n\t<div class=\"fw-clearfix\"><\/div>\n\t<div class=\"fw-step-part-body\">\n\t\t\t\t\t\t\t\t\t<div class=\"fw-step-block\" data-blockId=\"1\" data-type=\"fw-text\" data-required=\"true\">\n\t\t\t<div class=\"fw-input-container\">\n\t\t\t\t<label for=\"msf-text-ihr-name\"><span class=\"msf-h3\">Ihr Name<\/span><\/label>\n\t\t\t\t<input \n\t\t\t\t\ttype=\"text\" \n\t\t\t\t\tclass=\"fw-text-input\" \n\t\t\t\t\tid=\"msf-text-ihr-name\"\n\t\t\t\t\tdata-id=\"text\">\n\t\t\t\t<span class=\"fa fa-pencil form-control-feedback\" aria-hidden=\"true\"><\/span>\n\t\t\t<\/div>\n\t\t\t<div class=\"fw-clearfix\"><\/div>\n\t\t<\/div>\n\t\t\t\t\t\t\t\t\t\t\t<div class=\"fw-step-block\" data-blockId=\"1\" data-type=\"fw-text\" data-required=\"true\">\n\t\t\t<div class=\"fw-input-container\">\n\t\t\t\t<label for=\"msf-text-telefon\"><span class=\"msf-h3\">Telefon<\/span><\/label>\n\t\t\t\t<input \n\t\t\t\t\ttype=\"text\" \n\t\t\t\t\tclass=\"fw-text-input\" \n\t\t\t\t\tid=\"msf-text-telefon\"\n\t\t\t\t\tdata-id=\"text\">\n\t\t\t\t<span class=\"fa fa-pencil form-control-feedback\" aria-hidden=\"true\"><\/span>\n\t\t\t<\/div>\n\t\t\t<div class=\"fw-clearfix\"><\/div>\n\t\t<\/div>\n\t\t\t\t\t\t\t\t\t\t\t<div class=\"fw-step-block\" data-blockId=\"1\" data-type=\"fw-email\" data-required=\"false\">\n\t\t\t<div class=\"fw-input-container\">\n\t\t\t\t<label for=\"msf-mail-email\"><span class=\"msf-h3\">Email<\/span><\/label>\n\t\t\t\t<input type=\"text\" id=\"msf-mail-email\"  class=\"fw-text-input one\" data-id=\"email\">\n\t\t\t\t<span class=\"fa fa-envelope form-control-feedback\" aria-hidden=\"true\"><\/span>\n\t\t\t<\/div>\n\t\t\t\t\t\t<div class=\"fw-clearfix\"><\/div>\n\t\t<\/div>\n\t  \t\t\t\t\t\t\t\t\t<div class=\"fw-step-block\" data-blockId=\"1\" data-type=\"fw-textarea\" data-required=\"false\">\n\t\t\t<div class=\"fw-input-container\">\n\t\t\t\t<label for=\"msf-textarea-anschrift\"><span class=\"msf-h3\">Anschrift<\/span><\/label>\n\t\t\t\t<textarea \n\t\t\t\t\tclass=\"fw-textarea\"\n\t\t\t\t\tid=\"msf-textarea-anschrift\"\n\t\t\t\t\tdata-id=\"textarea\"><\/textarea>\n\t\t\t\t<span class=\"fa fa-pencil t-area form-control-feedback\" aria-hidden=\"true\"><\/span>\n\t\t\t<\/div>\n\t\t\t<div class=\"fw-clearfix\"><\/div>\n\t\t<\/div>\n\t\t\t\t\t\t<\/div>\n<\/div>\n\t\t\t<div class=\"fw-step-part  fw-plain-layout\" data-partId=\"1\">\n\t<span class=\"fw-step-part-title \">\n\t\t\tunverbindliche Reservierungsanfrage\t<\/span>\n\t<div class=\"fw-clearfix\"><\/div>\n\t<div class=\"fw-step-part-body\">\n\t\t\t\t\t\t\t\t\t<div class=\"fw-step-block\" data-blockId=\"1\" data-type=\"fw-date\" data-required=\"false\">\n\t\t\t<div class=\"fw-input-container\">\n\t\t\t\t<label for=\"msf-date-datum\"><span class=\"msf-h3\">Datum<\/span><\/label>\n\t\t\t\t<input type=\"text\" id=\"msf-date-datum\"  class=\"fw-text-input fw-datepicker-here\" data-id=\"date\" data-language=\"en\" data-dateformat=\"dd-mm-yy\">\n\t\t\t\t<span class=\"fa fa-calendar form-control-feedback\" aria-hidden=\"true\"><\/span>\n\t\t\t<\/div>\n\t\t\t<div class=\"fw-clearfix\"><\/div>\n\t\t<\/div>\n\t\t\t\t\t\t\t\t\t\t\t<div class=\"fw-step-block\" data-blockId=\"1\" data-type=\"fw-text\" data-required=\"false\">\n\t\t\t<div class=\"fw-input-container\">\n\t\t\t\t<label for=\"msf-text-personenzahl\"><span class=\"msf-h3\">Personenzahl<\/span><\/label>\n\t\t\t\t<input \n\t\t\t\t\ttype=\"text\" \n\t\t\t\t\tclass=\"fw-text-input\" \n\t\t\t\t\tid=\"msf-text-personenzahl\"\n\t\t\t\t\tdata-id=\"text\">\n\t\t\t\t<span class=\"fa fa-pencil form-control-feedback\" aria-hidden=\"true\"><\/span>\n\t\t\t<\/div>\n\t\t\t<div class=\"fw-clearfix\"><\/div>\n\t\t<\/div>\n\t\t\t\t\t\t<\/div>\n<\/div>\n\t\t\t<div class=\"fw-step-part  fw-plain-layout\" data-partId=\"2\">\n\t<span class=\"fw-step-part-title \">\n\t\t\tIhre Anfrage\t<\/span>\n\t<div class=\"fw-clearfix\"><\/div>\n\t<div class=\"fw-step-part-body\">\n\t\t\t\t\t\t\t\t\t<div class=\"fw-step-block\" data-blockId=\"1\" data-type=\"fw-textarea\" data-required=\"false\">\n\t\t\t<div class=\"fw-input-container\">\n\t\t\t\t<label for=\"msf-textarea-ihr-anliegen-oder-vorhaben\"><span class=\"msf-h3\">Ihr Anliegen oder Vorhaben<\/span><\/label>\n\t\t\t\t<textarea \n\t\t\t\t\tclass=\"fw-textarea\"\n\t\t\t\t\tid=\"msf-textarea-ihr-anliegen-oder-vorhaben\"\n\t\t\t\t\tdata-id=\"textarea\"><\/textarea>\n\t\t\t\t<span class=\"fa fa-pencil t-area form-control-feedback\" aria-hidden=\"true\"><\/span>\n\t\t\t<\/div>\n\t\t\t<div class=\"fw-clearfix\"><\/div>\n\t\t<\/div>\n\t\t\t\t\t\t\t\t\t\t\t<div class=\"fw-step-block\" data-blockId=\"1\" data-type=\"fw-file\" data-required=\"false\">\n\t\t\t<div class=\"fw-input-container\">\n\t\t\t\t<span class=\"msf-h3\">Bilder, Texte oder andere Dateien f\u00fcr uns<\/span>\n\t\t\t\t<input type=\"file\" name=\"fw-1-0-2-1\" id=\"fw-1-0-2-1\" class=\"fw-file-upload-input\" multiple>\n\t\t\t\t<label class=\"fw-btn fw-button-fileupload\" for=\"fw-1-0-2-1\"><i class=\"fa fa-upload fw-file-upload-status\" aria-hidden=\"true\"><\/i><span>Choose a file<\/span><\/label>\n\t\t\t\t<p>Max. size: 128.0 MB<\/p>\n\t\t\t<\/div>\n\t\t\t<div class=\"fw-clearfix\"><\/div>\n\t\t<\/div>\n\t  \t\t\t\t<\/div>\n<\/div>\n\t\t\t<div class=\"fw-step-part  fw-plain-layout\" data-partId=\"3\">\n\t<span class=\"fw-step-part-title \">\n\t\t\tRechtliches\t<\/span>\n\t<div class=\"fw-clearfix\"><\/div>\n\t<div class=\"fw-step-part-body\">\n\t\t\t\t\t\t\t\t\t<div class=\"fw-step-block\" data-blockId=\"1\" data-type=\"fw-radio\" data-required=\"true\">\n\t\t\t\t\t\t\t\t<span class=\"msf-h3\">Ihre Zustimmung zur DSGVO<\/span>\n\t\t\t\t\t<br>\n\t\t\t\t\t\t\t\t\t\t<span class=\"fw-choice fw-radio-row\">\n\t\t\t\t\t\t<input id=\"fw-1-0-3-0-1\" type=\"radio\" name=\"fw-1-0-3-0\" class=\"fw-radio\" data-id=\"1\">\n\t\t\t\t\t\t<label for=\"fw-1-0-3-0-1\" data-labelId=\"1\">Ja, ich habe die Datenschutzerkl\u00e4rung zur Kenntnis genommen und bin damit einverstanden, dass die von mir angegebenen Daten elektronisch erhoben und gespeichert werden. Meine Daten werden dabei nur streng zweckgebunden zur Bearbeitung und Beantwortung meiner Anfrage benutzt. Mit dem Absenden des Kontaktformulars erkl\u00e4re ich mich mit der Verarbeitung einverstanden. Nach Abschluss der Verarbeitung werden die erhobenen Daten gel\u00f6scht, insofern diese nicht f\u00fcr die weitere Bearbeitung der Anfrage oder eines daraufhin entstandenen Auftrags weiter ben\u00f6tigt werden<\/label>\n\t\t\t\t\t<\/span>\n\t\t\t\t\t\t\t\t\t\t<span class=\"fw-choice fw-radio-row\">\n\t\t\t\t\t\t<input id=\"fw-1-0-3-0-2\" type=\"radio\" name=\"fw-1-0-3-0\" class=\"fw-radio\" data-id=\"2\">\n\t\t\t\t\t\t<label for=\"fw-1-0-3-0-2\" data-labelId=\"2\">Nein. Dann ist die Bearbeitung Ihres Anliegens f\u00fcr uns nicht erlaubt. Sie k\u00f6nnen uns jedoch auf anderem Wege kontaktieren.<\/label>\n\t\t\t\t\t<\/span>\n\t\t\t\t\t\t\t<\/div>\n\t\t\t\t\t\t<\/div>\n<\/div>\n\t\t\t                        <div class=\"fw-summary-container\">\n                            <button type=\"button\" class=\"fw-toggle-summary\">SHOW SUMMARY<\/button>\n                            <div id=\"wizard-summary\" class=\"fw-wizard-summary\" style=\"display:none;\" data-showsummary=\"on\">\n                            <div class=\"fw-summary-alert\">Some required Fields are empty<br>Please check the highlighted fields.<\/div>\n                            <\/div>\n                        <\/div>\n                                            <button type=\"button\" class=\"fw-btn-submit\">Submit<\/button>\n                                <div class=\"fw-clearfix\"><\/div>\n            <\/div>\n                    <\/div>\n    <\/div>\n        <div class=\"fw-alert-user\" style=\"display:none;\"><\/div>\n<\/div>\n\n","protected":false},"author":1,"featured_media":0,"parent":0,"menu_order":100,"comment_status":"closed","ping_status":"closed","template":"","meta":{"_et_pb_use_builder":"on","_et_pb_old_content":"","_et_gb_content_width":"","footnotes":""},"class_list":["post-725","page","type-page","status-publish","hentry"],"_links":{"self":[{"href":"https:\/\/www.kirchenwirt-neukirchen.de\/en\/wp-json\/wp\/v2\/pages\/725","targetHints":{"allow":["GET"]}}],"collection":[{"href":"https:\/\/www.kirchenwirt-neukirchen.de\/en\/wp-json\/wp\/v2\/pages"}],"about":[{"href":"https:\/\/www.kirchenwirt-neukirchen.de\/en\/wp-json\/wp\/v2\/types\/page"}],"author":[{"embeddable":true,"href":"https:\/\/www.kirchenwirt-neukirchen.de\/en\/wp-json\/wp\/v2\/users\/1"}],"replies":[{"embeddable":true,"href":"https:\/\/www.kirchenwirt-neukirchen.de\/en\/wp-json\/wp\/v2\/comments?post=725"}],"version-history":[{"count":1,"href":"https:\/\/www.kirchenwirt-neukirchen.de\/en\/wp-json\/wp\/v2\/pages\/725\/revisions"}],"predecessor-version":[{"id":726,"href":"https:\/\/www.kirchenwirt-neukirchen.de\/en\/wp-json\/wp\/v2\/pages\/725\/revisions\/726"}],"wp:attachment":[{"href":"https:\/\/www.kirchenwirt-neukirchen.de\/en\/wp-json\/wp\/v2\/media?parent=725"}],"curies":[{"name":"wp","href":"https:\/\/api.w.org\/{rel}","templated":true}]}}